{"id":585,"date":"2022-08-09T14:50:18","date_gmt":"2022-08-09T19:50:18","guid":{"rendered":"https:\/\/airesacondicionados.refrigeraciontodofrio.com\/?post_type=product&#038;p=585"},"modified":"2025-05-26T02:28:32","modified_gmt":"2025-05-26T07:28:32","slug":"aire-acondicionado-lg-dualcool-standard-24-000-btu-220v-vs242c7","status":"publish","type":"product","link":"https:\/\/airesacondicionados.todofrio.com.co\/index.php\/producto\/aire-acondicionado-lg-dualcool-standard-24-000-btu-220v-vs242c7\/","title":{"rendered":"Aire Acondicionado LG DualCool Standard, 24.000 BTU, 220V, VS242C7"},"content":{"rendered":"","protected":false},"excerpt":{"rendered":"<p class=\"model-title\">Aire Acondicionado DualCool Standard 24.000 BTU, 220V , Dual Inverter, Ahorro de Energ\u00eda, Anticorrosi\u00f3n Gold Fin, Protecci\u00f3n de Voltaje.<\/p>\n<ul class=\"feature-list\">\n<li>10 a\u00f1os de Garantia.<\/li>\n<li>Ahorro Energ\u00eda<\/li>\n<li>Enfriamiento r\u00e1pido.<\/li>\n<li>Pre Filtro<\/li>\n<li>Auto- Limpieza<\/li>\n<\/ul>\n","protected":false},"featured_media":575,"comment_status":"open","ping_status":"closed","template":"","meta":[],"product_cat":[46,43,25,26],"product_tag":[],"class_list":["post-585","product","type-product","status-publish","has-post-thumbnail","hentry","product_cat-24000-btu","product_cat-aire-acondicionado","product_cat-lg","product_cat-minisplit","thunk-woo-product-list","opn-qv-enable","big-store-woo-hover-zoom","open-single-product-tab-horizontal","open-shadow-","open-shadow-hover-"],"_links":{"self":[{"href":"https:\/\/airesacondicionados.todofrio.com.co\/index.php\/wp-json\/wp\/v2\/product\/585","targetHints":{"allow":["GET"]}}],"collection":[{"href":"https:\/\/airesacondicionados.todofrio.com.co\/index.php\/wp-json\/wp\/v2\/product"}],"about":[{"href":"https:\/\/airesacondicionados.todofrio.com.co\/index.php\/wp-json\/wp\/v2\/types\/product"}],"replies":[{"embeddable":true,"href":"https:\/\/airesacondicionados.todofrio.com.co\/index.php\/wp-json\/wp\/v2\/comments?post=585"}],"wp:featuredmedia":[{"embeddable":true,"href":"https:\/\/airesacondicionados.todofrio.com.co\/index.php\/wp-json\/wp\/v2\/media\/575"}],"wp:attachment":[{"href":"https:\/\/airesacondicionados.todofrio.com.co\/index.php\/wp-json\/wp\/v2\/media?parent=585"}],"wp:term":[{"taxonomy":"product_cat","embeddable":true,"href":"https:\/\/airesacondicionados.todofrio.com.co\/index.php\/wp-json\/wp\/v2\/product_cat?post=585"},{"taxonomy":"product_tag","embeddable":true,"href":"https:\/\/airesacondicionados.todofrio.com.co\/index.php\/wp-json\/wp\/v2\/product_tag?post=585"}],"curies":[{"name":"wp","href":"https:\/\/api.w.org\/{rel}","templated":true}]}}