{"id":620,"date":"2022-08-10T11:14:54","date_gmt":"2022-08-10T16:14:54","guid":{"rendered":"https:\/\/airesacondicionados.refrigeraciontodofrio.com\/?post_type=product&#038;p=620"},"modified":"2025-05-26T09:13:53","modified_gmt":"2025-05-26T14:13:53","slug":"aire-acondicionado-samsung-inverter-advance-18000btus","status":"publish","type":"product","link":"https:\/\/airesacondicionados.todofrio.com.co\/index.php\/producto\/aire-acondicionado-samsung-inverter-advance-18000btus\/","title":{"rendered":"Aire acondicionado Samsung Inverter Advance 18000BTUs"},"content":{"rendered":"","protected":false},"excerpt":{"rendered":"<p>Aire Acondicionado Wall-mount AC con Fast Cooling, Dise\u00f1ado para un enfriamiento m\u00e1s r\u00e1pido, amplio y mejor, Reduce el ruido y el uso de energ\u00eda hasta un 73 %*<br \/>\nVenta realizada por IMAGIQ SAS como franquiciado de la Tienda Online de Samsung. Consulte terminos y condiciones.<\/p>\n","protected":false},"featured_media":611,"comment_status":"open","ping_status":"closed","template":"","meta":[],"product_cat":[43,26,47],"product_tag":[],"class_list":["post-620","product","type-product","status-publish","has-post-thumbnail","hentry","product_cat-aire-acondicionado","product_cat-minisplit","product_cat-samsung","thunk-woo-product-list","opn-qv-enable","big-store-woo-hover-zoom","open-single-product-tab-horizontal","open-shadow-","open-shadow-hover-"],"_links":{"self":[{"href":"https:\/\/airesacondicionados.todofrio.com.co\/index.php\/wp-json\/wp\/v2\/product\/620","targetHints":{"allow":["GET"]}}],"collection":[{"href":"https:\/\/airesacondicionados.todofrio.com.co\/index.php\/wp-json\/wp\/v2\/product"}],"about":[{"href":"https:\/\/airesacondicionados.todofrio.com.co\/index.php\/wp-json\/wp\/v2\/types\/product"}],"replies":[{"embeddable":true,"href":"https:\/\/airesacondicionados.todofrio.com.co\/index.php\/wp-json\/wp\/v2\/comments?post=620"}],"wp:featuredmedia":[{"embeddable":true,"href":"https:\/\/airesacondicionados.todofrio.com.co\/index.php\/wp-json\/wp\/v2\/media\/611"}],"wp:attachment":[{"href":"https:\/\/airesacondicionados.todofrio.com.co\/index.php\/wp-json\/wp\/v2\/media?parent=620"}],"wp:term":[{"taxonomy":"product_cat","embeddable":true,"href":"https:\/\/airesacondicionados.todofrio.com.co\/index.php\/wp-json\/wp\/v2\/product_cat?post=620"},{"taxonomy":"product_tag","embeddable":true,"href":"https:\/\/airesacondicionados.todofrio.com.co\/index.php\/wp-json\/wp\/v2\/product_tag?post=620"}],"curies":[{"name":"wp","href":"https:\/\/api.w.org\/{rel}","templated":true}]}}