{"id":652,"date":"2022-10-10T09:17:00","date_gmt":"2022-10-10T14:17:00","guid":{"rendered":"https:\/\/airesacondicionados.todofrio.com.co\/?post_type=product&#038;p=652"},"modified":"2026-03-06T23:18:35","modified_gmt":"2026-03-07T04:18:35","slug":"aire-acondicionado-mirage-inverter-magnum-19-24000btus","status":"publish","type":"product","link":"https:\/\/airesacondicionados.todofrio.com.co\/index.php\/producto\/aire-acondicionado-mirage-inverter-magnum-19-24000btus\/","title":{"rendered":"Aire acondicionado Mirage Inverter Magnum 19 24000BTUs"},"content":{"rendered":"","protected":false},"excerpt":{"rendered":"<p>Mirage se consolida como una de las marcas m\u00e1s firmes en fabricaci\u00f3n, distribuci\u00f3n y venta de equipos de aire acondicionado en Colombia. Contar con sus productos es sumar garant\u00eda y solidez a tu hogar. Los d\u00edas de calor agobiantes dejaron de ser un problema para ti. Este aire acondicionado Mirage Magnum 19 ser\u00e1 la mejor compa\u00f1\u00eda para que disfrutes tu hogar sin importar la temperatura exterior.<\/p>\n","protected":false},"featured_media":649,"comment_status":"open","ping_status":"closed","template":"","meta":[],"product_cat":[46,43,26,48],"product_tag":[52,50,30,49],"class_list":["post-652","product","type-product","status-publish","has-post-thumbnail","hentry","product_cat-24000-btu","product_cat-aire-acondicionado","product_cat-minisplit","product_cat-mirage","product_tag-24-000-btu","product_tag-aires-acondicionados","product_tag-minisplit","product_tag-mirage","thunk-woo-product-list","opn-qv-enable","big-store-woo-hover-zoom","open-single-product-tab-horizontal","open-shadow-","open-shadow-hover-"],"_links":{"self":[{"href":"https:\/\/airesacondicionados.todofrio.com.co\/index.php\/wp-json\/wp\/v2\/product\/652","targetHints":{"allow":["GET"]}}],"collection":[{"href":"https:\/\/airesacondicionados.todofrio.com.co\/index.php\/wp-json\/wp\/v2\/product"}],"about":[{"href":"https:\/\/airesacondicionados.todofrio.com.co\/index.php\/wp-json\/wp\/v2\/types\/product"}],"replies":[{"embeddable":true,"href":"https:\/\/airesacondicionados.todofrio.com.co\/index.php\/wp-json\/wp\/v2\/comments?post=652"}],"wp:featuredmedia":[{"embeddable":true,"href":"https:\/\/airesacondicionados.todofrio.com.co\/index.php\/wp-json\/wp\/v2\/media\/649"}],"wp:attachment":[{"href":"https:\/\/airesacondicionados.todofrio.com.co\/index.php\/wp-json\/wp\/v2\/media?parent=652"}],"wp:term":[{"taxonomy":"product_cat","embeddable":true,"href":"https:\/\/airesacondicionados.todofrio.com.co\/index.php\/wp-json\/wp\/v2\/product_cat?post=652"},{"taxonomy":"product_tag","embeddable":true,"href":"https:\/\/airesacondicionados.todofrio.com.co\/index.php\/wp-json\/wp\/v2\/product_tag?post=652"}],"curies":[{"name":"wp","href":"https:\/\/api.w.org\/{rel}","templated":true}]}}